{"id":149,"date":"2019-02-15T20:09:01","date_gmt":"2019-02-15T20:09:01","guid":{"rendered":"http:\/\/www.rotuloselcabo.com\/rotulos\/?page_id=149"},"modified":"2021-06-01T10:01:06","modified_gmt":"2021-06-01T10:01:06","slug":"trabajos","status":"publish","type":"page","link":"https:\/\/www.rotuloselcabo.com\/rotulos\/trabajos\/","title":{"rendered":"Trabajos"},"content":{"rendered":"<p>[vc_row css_animation=\u00bb\u00bb row_type=\u00bbrow\u00bb use_row_as_full_screen_section=\u00bbno\u00bb type=\u00bbgrid\u00bb angled_section=\u00bbno\u00bb text_align=\u00bbcenter\u00bb background_image_as_pattern=\u00bbwithout_pattern\u00bb z_index=\u00bb\u00bb][vc_column][vc_empty_space height=\u00bb50&#8243;][vc_column_text]<\/p>\n<h1 style=\"text-align: center;\"><span style=\"color: #000000;\">Algunos de nuestros trabajos<\/span><\/h1>\n<p>[\/vc_column_text][vc_column_text]<\/p>\n<h4 style=\"text-align: center;\"><strong>Rotulaci\u00f3n, montaje, dise\u00f1o y comunicaci\u00f3n visual.<\/strong><\/h4>\n<p>[\/vc_column_text][vc_empty_space height=\u00bb50&#8243;][vc_gallery type=\u00bbimage_grid\u00bb images=\u00bb164,165,78,70,69,68,67,66,167,170,173,174,182,183,184,185,186,187,188,189&#8243; img_size=\u00bbmedium\u00bb css_animation=\u00bbfadeIn\u00bb column_number=\u00bb4&#8243; grayscale=\u00bbno\u00bb images_space=\u00bbgallery_with_space\u00bb][vc_empty_space height=\u00bb50&#8243;][vc_column_text]<\/p>\n<h3 style=\"text-align: center;\">Una amplia gama de posibilidades cubiertas<\/h3>\n<p>[\/vc_column_text][vc_empty_space height=\u00bb20&#8243;][vc_column_text]<\/p>\n<p style=\"text-align: center;\"><strong>Letreros luminosos<\/strong> simples o con <strong>letras corp\u00f3reas<\/strong> de diferentes materiales para aplicar en fachadas o en interiores.<\/p>\n<p style=\"text-align: center;\"><strong>Decoraci\u00f3n de interiores<\/strong> de oficinas, despachos y \u00e1reas de trabajo con vinilos trasl\u00facidos, semi-transparentes o totalmente opacos para m\u00e1s privacidad.<\/p>\n<p style=\"text-align: center;\"><strong>Decoraci\u00f3n de veh\u00edculos comerciales<\/strong> o de competici\u00f3n con vinilo impreso o de corte.<\/p>\n<p style=\"text-align: center;\"><strong>Dise\u00f1o gr\u00e1fico, impresi\u00f3n y montaje<\/strong> de murales en interiores de locales comerciales, oficinas o casas particulares para dar un marco espectacular.<\/p>\n<p style=\"text-align: center;\"><strong>Se\u00f1al\u00e9tica<\/strong> de exposiciones, congresos o convenciones para dejar bien indicado todo lo necesario.<\/p>\n<p style=\"text-align: center;\">Son solo algunas de las necesidades cubiertas con nuestros trabajos en estos casi 10 a\u00f1os de experiencia.<\/p>\n<p style=\"text-align: center;\">Somos una empresa de R\u00f3tulos, impresi\u00f3n digital de gran formato y comunicaci\u00f3n visual con base en Sant Joan d&#8217;Alacant que da soporte principalmente a toda la Comunidad Valenciana, pero extendi\u00e9ndose \u00a0a todo el pa\u00eds.<\/p>\n<p>[\/vc_column_text][vc_empty_space height=\u00bb50&#8243;]<a  itemprop=\"url\" href=\"\/rotulos\/presupuesto\" target=\"_blank\"  class=\"qbutton  center white default\" style=\"\">Solicite un presupuesto<\/a>[vc_empty_space height=\u00bb50&#8243;][\/vc_column][\/vc_row][vc_row css_animation=\u00bb\u00bb row_type=\u00bbrow\u00bb use_row_as_full_screen_section=\u00bbno\u00bb type=\u00bbfull_width\u00bb angled_section=\u00bbno\u00bb text_align=\u00bbcenter\u00bb background_image_as_pattern=\u00bbwithout_pattern\u00bb z_index=\u00bb\u00bb background_color=\u00bb#0a0a0a\u00bb padding_top=\u00bb30&#8243; padding_bottom=\u00bb30&#8243;][vc_column][vc_empty_space height=\u00bb20&#8243;][vc_row_inner row_type=\u00bbrow\u00bb type=\u00bbgrid\u00bb text_align=\u00bbleft\u00bb css_animation=\u00bb\u00bb][vc_column_inner width=\u00bb2\/3&#8243;][vc_column_text]<\/p>\n<h5 style=\"text-align: center;\"><span style=\"color: #ffffff;\"><strong>S\u00edguenos en Instagram para estar al d\u00eda con nuestro trabajo!<\/strong><\/span><\/h5>\n<p>[\/vc_column_text][\/vc_column_inner][vc_column_inner width=\u00bb1\/3&#8243;]<a  itemprop=\"url\" href=\"https:\/\/www.instagram.com\/rotuloselcabo\/\" target=\"_blank\" data-hover-background-color='#eab420' data-hover-border-color='#eab420' data-hover-color='#ffffff' class=\"qbutton  large enlarge\" style=\"color: #ffffff; border-color: #eab420; font-style: normal; font-weight: 700; margin: 10; border-radius: 10px;-moz-border-radius: 10px;-webkit-border-radius: 10px; background-color: #eab420;\">\u00a1S\u00edguenos!<i class=\"qode_icon_font_awesome fa fa-instagram qode_button_icon_element\" style=\"color: #ffffff;\" ><\/i><\/a>[\/vc_column_inner][\/vc_row_inner][vc_empty_space height=\u00bb20&#8243;][\/vc_column][\/vc_row]<\/p>\n","protected":false},"excerpt":{"rendered":"<p>[vc_row css_animation=\u00bb\u00bb row_type=\u00bbrow\u00bb use_row_as_full_screen_section=\u00bbno\u00bb type=\u00bbgrid\u00bb angled_section=\u00bbno\u00bb text_align=\u00bbcenter\u00bb background_image_as_pattern=\u00bbwithout_pattern\u00bb z_index=\u00bb\u00bb][vc_column][vc_empty_space height=\u00bb50&#8243;][vc_column_text] Algunos de nuestros trabajos [\/vc_column_text][vc_column_text] Rotulaci\u00f3n, montaje, dise\u00f1o y comunicaci\u00f3n visual. [\/vc_column_text][vc_empty_space height=\u00bb50&#8243;][vc_gallery type=\u00bbimage_grid\u00bb images=\u00bb164,165,78,70,69,68,67,66,167,170,173,174,182,183,184,185,186,187,188,189&#8243; img_size=\u00bbmedium\u00bb css_animation=\u00bbfadeIn\u00bb column_number=\u00bb4&#8243; grayscale=\u00bbno\u00bb images_space=\u00bbgallery_with_space\u00bb][vc_empty_space height=\u00bb50&#8243;][vc_column_text] Una amplia gama de posibilidades cubiertas [\/vc_column_text][vc_empty_space height=\u00bb20&#8243;][vc_column_text] Letreros luminosos simples o con letras&#8230;<\/p>\n","protected":false},"author":1,"featured_media":0,"parent":0,"menu_order":0,"comment_status":"closed","ping_status":"closed","template":"full_width.php","meta":[],"yoast_head":"<!-- This site is optimized with the Yoast SEO plugin v16.6.1 - https:\/\/yoast.com\/wordpress\/plugins\/seo\/ -->\n<title>Alguno de nuestros Trabajos - R\u00f3tulos El Cabo Comunicaci\u00f3n visual<\/title>\n<meta name=\"description\" content=\"Aqu\u00ed podr\u00e1s ver algunos de nuestros trabajos de rotulaci\u00f3n, montaje, dise\u00f1o o comunicaci\u00f3n visual que hemos realizado en los \u00faltimos d\u00edas.\" \/>\n<meta name=\"robots\" content=\"index, follow, max-snippet:-1, max-image-preview:large, max-video-preview:-1\" \/>\n<link rel=\"canonical\" href=\"https:\/\/www.rotuloselcabo.com\/rotulos\/trabajos\/\" \/>\n<meta property=\"og:locale\" content=\"es_ES\" \/>\n<meta property=\"og:type\" content=\"article\" \/>\n<meta property=\"og:title\" content=\"Alguno de nuestros Trabajos - R\u00f3tulos El Cabo Comunicaci\u00f3n visual\" \/>\n<meta property=\"og:description\" content=\"Aqu\u00ed podr\u00e1s ver algunos de nuestros trabajos de rotulaci\u00f3n, montaje, dise\u00f1o o comunicaci\u00f3n visual que hemos realizado en los \u00faltimos d\u00edas.\" \/>\n<meta property=\"og:url\" content=\"https:\/\/www.rotuloselcabo.com\/rotulos\/trabajos\/\" \/>\n<meta property=\"og:site_name\" content=\"R\u00f3tulos El Cabo\" \/>\n<meta property=\"article:modified_time\" content=\"2021-06-01T10:01:06+00:00\" \/>\n<meta name=\"twitter:card\" content=\"summary_large_image\" \/>\n<meta name=\"twitter:label1\" content=\"Tiempo de lectura\" \/>\n\t<meta name=\"twitter:data1\" content=\"2 minutos\" \/>\n<script type=\"application\/ld+json\" class=\"yoast-schema-graph\">{\"@context\":\"https:\/\/schema.org\",\"@graph\":[{\"@type\":\"Organization\",\"@id\":\"https:\/\/www.rotuloselcabo.com\/rotulos\/#organization\",\"name\":\"R\\u00f3tulos El Cabo\",\"url\":\"https:\/\/www.rotuloselcabo.com\/rotulos\/\",\"sameAs\":[\"https:\/\/www.instagram.com\/rotuloselcabo\/\"],\"logo\":{\"@type\":\"ImageObject\",\"@id\":\"https:\/\/www.rotuloselcabo.com\/rotulos\/#logo\",\"inLanguage\":\"es\",\"url\":\"http:\/\/www.rotuloselcabo.com\/rotulos\/wp-content\/uploads\/2021\/05\/Rotulos-el-cabo-1.png\",\"contentUrl\":\"http:\/\/www.rotuloselcabo.com\/rotulos\/wp-content\/uploads\/2021\/05\/Rotulos-el-cabo-1.png\",\"width\":424,\"height\":602,\"caption\":\"R\\u00f3tulos El Cabo\"},\"image\":{\"@id\":\"https:\/\/www.rotuloselcabo.com\/rotulos\/#logo\"}},{\"@type\":\"WebSite\",\"@id\":\"https:\/\/www.rotuloselcabo.com\/rotulos\/#website\",\"url\":\"https:\/\/www.rotuloselcabo.com\/rotulos\/\",\"name\":\"R\\u00f3tulos El Cabo\",\"description\":\"Rotulaci\\u00f3n y Comunicaci\\u00f3n Visual\",\"publisher\":{\"@id\":\"https:\/\/www.rotuloselcabo.com\/rotulos\/#organization\"},\"potentialAction\":[{\"@type\":\"SearchAction\",\"target\":{\"@type\":\"EntryPoint\",\"urlTemplate\":\"https:\/\/www.rotuloselcabo.com\/rotulos\/?s={search_term_string}\"},\"query-input\":\"required name=search_term_string\"}],\"inLanguage\":\"es\"},{\"@type\":\"WebPage\",\"@id\":\"https:\/\/www.rotuloselcabo.com\/rotulos\/trabajos\/#webpage\",\"url\":\"https:\/\/www.rotuloselcabo.com\/rotulos\/trabajos\/\",\"name\":\"Alguno de nuestros Trabajos - R\\u00f3tulos El Cabo Comunicaci\\u00f3n visual\",\"isPartOf\":{\"@id\":\"https:\/\/www.rotuloselcabo.com\/rotulos\/#website\"},\"datePublished\":\"2019-02-15T20:09:01+00:00\",\"dateModified\":\"2021-06-01T10:01:06+00:00\",\"description\":\"Aqu\\u00ed podr\\u00e1s ver algunos de nuestros trabajos de rotulaci\\u00f3n, montaje, dise\\u00f1o o comunicaci\\u00f3n visual que hemos realizado en los \\u00faltimos d\\u00edas.\",\"breadcrumb\":{\"@id\":\"https:\/\/www.rotuloselcabo.com\/rotulos\/trabajos\/#breadcrumb\"},\"inLanguage\":\"es\",\"potentialAction\":[{\"@type\":\"ReadAction\",\"target\":[\"https:\/\/www.rotuloselcabo.com\/rotulos\/trabajos\/\"]}]},{\"@type\":\"BreadcrumbList\",\"@id\":\"https:\/\/www.rotuloselcabo.com\/rotulos\/trabajos\/#breadcrumb\",\"itemListElement\":[{\"@type\":\"ListItem\",\"position\":1,\"name\":\"Portada\",\"item\":\"https:\/\/www.rotuloselcabo.com\/rotulos\/\"},{\"@type\":\"ListItem\",\"position\":2,\"name\":\"Trabajos\"}]}]}<\/script>\n<!-- \/ Yoast SEO plugin. -->","_links":{"self":[{"href":"https:\/\/www.rotuloselcabo.com\/rotulos\/wp-json\/wp\/v2\/pages\/149"}],"collection":[{"href":"https:\/\/www.rotuloselcabo.com\/rotulos\/wp-json\/wp\/v2\/pages"}],"about":[{"href":"https:\/\/www.rotuloselcabo.com\/rotulos\/wp-json\/wp\/v2\/types\/page"}],"author":[{"embeddable":true,"href":"https:\/\/www.rotuloselcabo.com\/rotulos\/wp-json\/wp\/v2\/users\/1"}],"replies":[{"embeddable":true,"href":"https:\/\/www.rotuloselcabo.com\/rotulos\/wp-json\/wp\/v2\/comments?post=149"}],"version-history":[{"count":44,"href":"https:\/\/www.rotuloselcabo.com\/rotulos\/wp-json\/wp\/v2\/pages\/149\/revisions"}],"predecessor-version":[{"id":413,"href":"https:\/\/www.rotuloselcabo.com\/rotulos\/wp-json\/wp\/v2\/pages\/149\/revisions\/413"}],"wp:attachment":[{"href":"https:\/\/www.rotuloselcabo.com\/rotulos\/wp-json\/wp\/v2\/media?parent=149"}],"curies":[{"name":"wp","href":"https:\/\/api.w.org\/{rel}","templated":true}]}}