{"id":3,"date":"2019-01-30T00:01:57","date_gmt":"2019-01-30T00:01:57","guid":{"rendered":"http:\/\/www.rotuloselcabo.com\/rotulos\/?page_id=3"},"modified":"2021-05-28T11:29:37","modified_gmt":"2021-05-28T11:29:37","slug":"privacy-policy","status":"publish","type":"page","link":"https:\/\/www.rotuloselcabo.com\/rotulos\/privacy-policy\/","title":{"rendered":"Pol\u00edtica de Privacidad"},"content":{"rendered":"<p>[vc_row css_animation=\u00bb\u00bb row_type=\u00bbrow\u00bb use_row_as_full_screen_section=\u00bbno\u00bb type=\u00bbgrid\u00bb angled_section=\u00bbno\u00bb text_align=\u00bbleft\u00bb background_image_as_pattern=\u00bbwithout_pattern\u00bb z_index=\u00bb\u00bb][vc_column][vc_empty_space height=\u00bb50&#8243;][vc_column_text]<\/p>\n<h2>Pol\u00edtica de Privacidad<\/h2>\n<p>[\/vc_column_text][vc_empty_space height=\u00bb50&#8243;][vc_column_text]<\/p>\n<h2><\/h2>\n<h5>VERSI\u00d3N ACTUALIZADA AL RGPD. 25\/05\/2018<\/h5>\n<p><strong>R\u00f3tulos el Cabo \u00a0le garantiza que\u2026<\/strong><br \/>\nSus datos personales est\u00e1n\u00a0protegidos.<br \/>\nUsted\u00a0controla\u00a0sus datos personales.<br \/>\nUsted\u00a0puede borrar\u00a0sus datos cuando quiera.<\/p>\n<p>El RESPONSABLE de sus datos es:<br \/>\nRotulos El Cabo.<\/p>\n<p>C\/ Cristo de la Paz, 40 Bajo<\/p>\n<p>03550 Sant Joan d\u2019Alacant<\/p>\n<p><a href=\"mailto:info@rotuloselcabo.com\">info@rotuloselcabo.com<\/a><\/p>\n<p>&nbsp;<\/p>\n<p><strong>TRATAMIENTO DE DATOS DE CAR\u00c1CTER PERSONAL DE LOS USUARIOS Y CLIENTES<\/strong><br \/>\nPara prestarle nuestros servicios, <strong>R\u00f3tulos el Cabo<\/strong> necesita recopilar determinada informaci\u00f3n acerca de usted y en esta Pol\u00edtica de Privacidad describimos qu\u00e9 informaci\u00f3n se recopila acerca de usted, qu\u00e9 tratamiento recibe y c\u00f3mo puede gestionar y controlar el uso a esta informaci\u00f3n.<br \/>\nAl utilizar o interactuar con el Servicio, otorga un contrato vinculante con <strong>R\u00f3tulos el Cabo\u00a0<\/strong>y acepta el uso de su informaci\u00f3n conforme se explica en esta Pol\u00edtica de Privacidad. Si no est\u00e1 de acuerdo con estos t\u00e9rminos, por favor no utilice el Servicio.[\/vc_column_text][vc_empty_space height=\u00bb50&#8243;][\/vc_column][\/vc_row]<\/p>\n","protected":false},"excerpt":{"rendered":"<p>[vc_row css_animation=\u00bb\u00bb row_type=\u00bbrow\u00bb use_row_as_full_screen_section=\u00bbno\u00bb type=\u00bbgrid\u00bb angled_section=\u00bbno\u00bb text_align=\u00bbleft\u00bb background_image_as_pattern=\u00bbwithout_pattern\u00bb z_index=\u00bb\u00bb][vc_column][vc_empty_space height=\u00bb50&#8243;][vc_column_text] Pol\u00edtica de Privacidad [\/vc_column_text][vc_empty_space height=\u00bb50&#8243;][vc_column_text] VERSI\u00d3N ACTUALIZADA AL RGPD. 25\/05\/2018 R\u00f3tulos el Cabo \u00a0le garantiza que\u2026 Sus datos personales est\u00e1n\u00a0protegidos. Usted\u00a0controla\u00a0sus datos personales. Usted\u00a0puede borrar\u00a0sus datos cuando quiera. El RESPONSABLE de sus datos es: Rotulos&#8230;<\/p>\n","protected":false},"author":1,"featured_media":0,"parent":0,"menu_order":0,"comment_status":"closed","ping_status":"open","template":"full_width.php","meta":[],"yoast_head":"<!-- This site is optimized with the Yoast SEO plugin v16.6.1 - https:\/\/yoast.com\/wordpress\/plugins\/seo\/ -->\n<title>Pol\u00edtica de Privacidad - R\u00f3tulos El Cabo<\/title>\n<meta name=\"robots\" content=\"noindex, nofollow\" \/>\n<meta property=\"og:locale\" content=\"es_ES\" \/>\n<meta property=\"og:type\" content=\"article\" \/>\n<meta property=\"og:title\" content=\"Pol\u00edtica de Privacidad - R\u00f3tulos El Cabo\" \/>\n<meta property=\"og:description\" content=\"[vc_row css_animation=\u00bb\u00bb row_type=\u00bbrow\u00bb use_row_as_full_screen_section=\u00bbno\u00bb type=\u00bbgrid\u00bb angled_section=\u00bbno\u00bb text_align=\u00bbleft\u00bb background_image_as_pattern=\u00bbwithout_pattern\u00bb z_index=\u00bb\u00bb][vc_column][vc_empty_space height=\u00bb50&#8243;][vc_column_text] Pol\u00edtica de Privacidad [\/vc_column_text][vc_empty_space height=\u00bb50&#8243;][vc_column_text] VERSI\u00d3N ACTUALIZADA AL RGPD. 25\/05\/2018 R\u00f3tulos el Cabo \u00a0le garantiza que\u2026 Sus datos personales est\u00e1n\u00a0protegidos. Usted\u00a0controla\u00a0sus datos personales. Usted\u00a0puede borrar\u00a0sus datos cuando quiera. El RESPONSABLE de sus datos es: Rotulos...\" \/>\n<meta property=\"og:url\" content=\"https:\/\/www.rotuloselcabo.com\/rotulos\/privacy-policy\/\" \/>\n<meta property=\"og:site_name\" content=\"R\u00f3tulos El Cabo\" \/>\n<meta property=\"article:modified_time\" content=\"2021-05-28T11:29:37+00:00\" \/>\n<meta name=\"twitter:card\" content=\"summary_large_image\" \/>\n<meta name=\"twitter:label1\" content=\"Tiempo de lectura\" \/>\n\t<meta name=\"twitter:data1\" content=\"1 minuto\" \/>\n<script type=\"application\/ld+json\" class=\"yoast-schema-graph\">{\"@context\":\"https:\/\/schema.org\",\"@graph\":[{\"@type\":\"Organization\",\"@id\":\"https:\/\/www.rotuloselcabo.com\/rotulos\/#organization\",\"name\":\"R\\u00f3tulos El Cabo\",\"url\":\"https:\/\/www.rotuloselcabo.com\/rotulos\/\",\"sameAs\":[\"https:\/\/www.instagram.com\/rotuloselcabo\/\"],\"logo\":{\"@type\":\"ImageObject\",\"@id\":\"https:\/\/www.rotuloselcabo.com\/rotulos\/#logo\",\"inLanguage\":\"es\",\"url\":\"http:\/\/www.rotuloselcabo.com\/rotulos\/wp-content\/uploads\/2021\/05\/Rotulos-el-cabo-1.png\",\"contentUrl\":\"http:\/\/www.rotuloselcabo.com\/rotulos\/wp-content\/uploads\/2021\/05\/Rotulos-el-cabo-1.png\",\"width\":424,\"height\":602,\"caption\":\"R\\u00f3tulos El Cabo\"},\"image\":{\"@id\":\"https:\/\/www.rotuloselcabo.com\/rotulos\/#logo\"}},{\"@type\":\"WebSite\",\"@id\":\"https:\/\/www.rotuloselcabo.com\/rotulos\/#website\",\"url\":\"https:\/\/www.rotuloselcabo.com\/rotulos\/\",\"name\":\"R\\u00f3tulos El Cabo\",\"description\":\"Rotulaci\\u00f3n y Comunicaci\\u00f3n Visual\",\"publisher\":{\"@id\":\"https:\/\/www.rotuloselcabo.com\/rotulos\/#organization\"},\"potentialAction\":[{\"@type\":\"SearchAction\",\"target\":{\"@type\":\"EntryPoint\",\"urlTemplate\":\"https:\/\/www.rotuloselcabo.com\/rotulos\/?s={search_term_string}\"},\"query-input\":\"required name=search_term_string\"}],\"inLanguage\":\"es\"},{\"@type\":\"WebPage\",\"@id\":\"https:\/\/www.rotuloselcabo.com\/rotulos\/privacy-policy\/#webpage\",\"url\":\"https:\/\/www.rotuloselcabo.com\/rotulos\/privacy-policy\/\",\"name\":\"Pol\\u00edtica de Privacidad - R\\u00f3tulos El Cabo\",\"isPartOf\":{\"@id\":\"https:\/\/www.rotuloselcabo.com\/rotulos\/#website\"},\"datePublished\":\"2019-01-30T00:01:57+00:00\",\"dateModified\":\"2021-05-28T11:29:37+00:00\",\"breadcrumb\":{\"@id\":\"https:\/\/www.rotuloselcabo.com\/rotulos\/privacy-policy\/#breadcrumb\"},\"inLanguage\":\"es\",\"potentialAction\":[{\"@type\":\"ReadAction\",\"target\":[\"https:\/\/www.rotuloselcabo.com\/rotulos\/privacy-policy\/\"]}]},{\"@type\":\"BreadcrumbList\",\"@id\":\"https:\/\/www.rotuloselcabo.com\/rotulos\/privacy-policy\/#breadcrumb\",\"itemListElement\":[{\"@type\":\"ListItem\",\"position\":1,\"name\":\"Portada\",\"item\":\"https:\/\/www.rotuloselcabo.com\/rotulos\/\"},{\"@type\":\"ListItem\",\"position\":2,\"name\":\"Pol\\u00edtica de Privacidad\"}]}]}<\/script>\n<!-- \/ Yoast SEO plugin. -->","_links":{"self":[{"href":"https:\/\/www.rotuloselcabo.com\/rotulos\/wp-json\/wp\/v2\/pages\/3"}],"collection":[{"href":"https:\/\/www.rotuloselcabo.com\/rotulos\/wp-json\/wp\/v2\/pages"}],"about":[{"href":"https:\/\/www.rotuloselcabo.com\/rotulos\/wp-json\/wp\/v2\/types\/page"}],"author":[{"embeddable":true,"href":"https:\/\/www.rotuloselcabo.com\/rotulos\/wp-json\/wp\/v2\/users\/1"}],"replies":[{"embeddable":true,"href":"https:\/\/www.rotuloselcabo.com\/rotulos\/wp-json\/wp\/v2\/comments?post=3"}],"version-history":[{"count":6,"href":"https:\/\/www.rotuloselcabo.com\/rotulos\/wp-json\/wp\/v2\/pages\/3\/revisions"}],"predecessor-version":[{"id":298,"href":"https:\/\/www.rotuloselcabo.com\/rotulos\/wp-json\/wp\/v2\/pages\/3\/revisions\/298"}],"wp:attachment":[{"href":"https:\/\/www.rotuloselcabo.com\/rotulos\/wp-json\/wp\/v2\/media?parent=3"}],"curies":[{"name":"wp","href":"https:\/\/api.w.org\/{rel}","templated":true}]}}