{"id":54,"date":"2019-02-01T20:24:29","date_gmt":"2019-02-01T20:24:29","guid":{"rendered":"http:\/\/www.rotuloselcabo.com\/rotulos\/?page_id=54"},"modified":"2021-05-28T11:06:28","modified_gmt":"2021-05-28T11:06:28","slug":"presupuesto","status":"publish","type":"page","link":"https:\/\/www.rotuloselcabo.com\/rotulos\/presupuesto\/","title":{"rendered":"Presupuesto"},"content":{"rendered":"<p>[vc_row css_animation=\u00bb\u00bb row_type=\u00bbrow\u00bb use_row_as_full_screen_section=\u00bbno\u00bb type=\u00bbgrid\u00bb angled_section=\u00bbno\u00bb text_align=\u00bbleft\u00bb background_image_as_pattern=\u00bbwithout_pattern\u00bb z_index=\u00bb\u00bb][vc_column width=\u00bb2\/3&#8243;][vc_column_text]<\/p>\n<h3>Solicitud de Presupuesto \/ Cita<\/h3>\n<p>[\/vc_column_text][vc_empty_space height=\u00bb50&#8243;][vc_column_text]<\/p>\n<h4>\u00a0Indica a nuestro equipo lo que necesitas y te responderemos lo antes posible.<\/h4>\n<p>[\/vc_column_text][vc_empty_space height=\u00bb50&#8243;]<div role=\"form\" class=\"wpcf7\" id=\"wpcf7-f53-o1\" lang=\"es-ES\" dir=\"ltr\">\n<div class=\"screen-reader-response\"><p role=\"status\" aria-live=\"polite\" aria-atomic=\"true\"><\/p> <ul><\/ul><\/div>\n<form action=\"\/rotulos\/wp-json\/wp\/v2\/pages\/54#wpcf7-f53-o1\" method=\"post\" class=\"wpcf7-form init default\" novalidate=\"novalidate\" data-status=\"init\">\n<div style=\"display: none;\">\n<input type=\"hidden\" name=\"_wpcf7\" value=\"53\" \/>\n<input type=\"hidden\" name=\"_wpcf7_version\" value=\"5.5.6.1\" \/>\n<input type=\"hidden\" name=\"_wpcf7_locale\" value=\"es_ES\" \/>\n<input type=\"hidden\" name=\"_wpcf7_unit_tag\" value=\"wpcf7-f53-o1\" \/>\n<input type=\"hidden\" name=\"_wpcf7_container_post\" value=\"0\" \/>\n<input type=\"hidden\" name=\"_wpcf7_posted_data_hash\" value=\"\" \/>\n<\/div>\n<p><label> Tu nombre (requerido)<br \/>\n    <span class=\"wpcf7-form-control-wrap your-name\"><input type=\"text\" name=\"your-name\" value=\"\" size=\"40\" class=\"wpcf7-form-control wpcf7-text wpcf7-validates-as-required\" aria-required=\"true\" aria-invalid=\"false\" \/><\/span> <\/label><\/p>\n<p><label> Tu Tel\u00e9fono (requerido)<br \/>\n    <span class=\"wpcf7-form-control-wrap tel-563\"><input type=\"tel\" name=\"tel-563\" value=\"\" size=\"40\" class=\"wpcf7-form-control wpcf7-text wpcf7-tel wpcf7-validates-as-required wpcf7-validates-as-tel\" aria-required=\"true\" aria-invalid=\"false\" \/><\/span><\/label><\/p>\n<p><label> Tu correo electr\u00f3nico (requerido)<br \/>\n    <span class=\"wpcf7-form-control-wrap your-email\"><input type=\"email\" name=\"your-email\" value=\"\" size=\"40\" class=\"wpcf7-form-control wpcf7-text wpcf7-email wpcf7-validates-as-required wpcf7-validates-as-email\" aria-required=\"true\" aria-invalid=\"false\" \/><\/span> <\/label><\/p>\n<p><label> Solicitud de: (requerido)<br \/>\n<span class=\"wpcf7-form-control-wrap radio-596\"><span class=\"wpcf7-form-control wpcf7-radio\"><span class=\"wpcf7-list-item first\"><input type=\"radio\" name=\"radio-596\" value=\"Cita\" checked=\"checked\" \/><span class=\"wpcf7-list-item-label\">Cita<\/span><\/span><span class=\"wpcf7-list-item last\"><input type=\"radio\" name=\"radio-596\" value=\"Presupuesto\" \/><span class=\"wpcf7-list-item-label\">Presupuesto<\/span><\/span><\/span><\/span> <\/label><\/p>\n<p><label> Describe tu solicitud<br \/>\n    <span class=\"wpcf7-form-control-wrap your-message\"><textarea name=\"your-message\" cols=\"40\" rows=\"10\" class=\"wpcf7-form-control wpcf7-textarea\" aria-invalid=\"false\"><\/textarea><\/span> <\/label><\/p>\n<p><span class=\"wpcf7-form-control-wrap acceptance-994\"><span class=\"wpcf7-form-control wpcf7-acceptance optional\"><span class=\"wpcf7-list-item\"><label><input type=\"checkbox\" name=\"acceptance-994\" value=\"1\" aria-invalid=\"false\" \/><span class=\"wpcf7-list-item-label\">Doy consentimiento para el tratamiento de mis datos y acepto la respuesta por e-mail o por tel\u00e9fono<\/span><\/label><\/span><\/span><\/span><\/p>\n<p><input type=\"submit\" value=\"Enviar\" class=\"wpcf7-form-control has-spinner wpcf7-submit\" \/><\/p>\n<div class=\"wpcf7-response-output\" aria-hidden=\"true\"><\/div><\/form><\/div>[vc_column_text]<\/p>\n<h6>Seg\u00fan lo previsto en la Ley 34\/2002 de Servicios de la Sociedad de la Informaci\u00f3n y de Comercio Electr\u00f3nico, as\u00ed como en la Ley Org\u00e1nica 15\/1999 del 13 de Diciembre, de Protecci\u00f3n de Datos de Car\u00e1cter Personal, le informamos que los datos completados en este formulario figurar\u00e1n en nuestros archivos, con el objeto exclusivo de remitirle informaci\u00f3n sobre actividades promovidas por R\u00f3tulos El Cabo o bien participar en los procesos de selecci\u00f3n de personal. Usted puede en cualquier momento ejercitar su derecho de acceder, rectificar y, en su caso, cancelar sus datos personales respondiendo este correo electr\u00f3nico e indic\u00e1ndonos la operaci\u00f3n a realizar. Si no desea en lo sucesivo recibir correos electr\u00f3nicos de este tipo, responda con BAJA al siguiente correo electr\u00f3nico a info@rotuloselcabo.com<\/h6>\n<p>[\/vc_column_text][vc_empty_space height=\u00bb50&#8243;][\/vc_column][vc_column width=\u00bb1\/3&#8243;][vc_empty_space height=\u00bb200&#8243;][vc_single_image image=\u00bb17&#8243; img_size=\u00bbmedium\u00bb qode_css_animation=\u00bb\u00bb][vc_empty_space height=\u00bb50&#8243;][vc_column_text]<\/p>\n<p>Direcci\u00f3n<\/p>\n<p>[\/vc_column_text][vc_column_text]C\/ Cristo de la Paz, 40 Bajo<\/p>\n<p>03550 Sant Joan d\u2019Alacant<\/p>\n<p>T. 966 13 71 31<\/p>\n<p>M. 672 79 34 12<\/p>\n<p><a href=\"mailto:info@rotuloselcabo.com\">info@rotuloselcabo.com<\/a>[\/vc_column_text][vc_empty_space height=\u00bb50&#8243;][\/vc_column][\/vc_row]<\/p>\n","protected":false},"excerpt":{"rendered":"<p>[vc_row css_animation=\u00bb\u00bb row_type=\u00bbrow\u00bb use_row_as_full_screen_section=\u00bbno\u00bb type=\u00bbgrid\u00bb angled_section=\u00bbno\u00bb text_align=\u00bbleft\u00bb background_image_as_pattern=\u00bbwithout_pattern\u00bb z_index=\u00bb\u00bb][vc_column width=\u00bb2\/3&#8243;][vc_column_text] Solicitud de Presupuesto \/ Cita [\/vc_column_text][vc_empty_space height=\u00bb50&#8243;][vc_column_text] \u00a0Indica a nuestro equipo lo que necesitas y te responderemos lo antes posible. [\/vc_column_text][vc_empty_space height=\u00bb50&#8243;][vc_column_text] Seg\u00fan lo previsto en la Ley 34\/2002 de Servicios de la Sociedad de&#8230;<\/p>\n","protected":false},"author":1,"featured_media":0,"parent":0,"menu_order":0,"comment_status":"closed","ping_status":"closed","template":"full_width.php","meta":[],"yoast_head":"<!-- This site is optimized with the Yoast SEO plugin v16.6.1 - https:\/\/yoast.com\/wordpress\/plugins\/seo\/ -->\n<title>Presupuesto - R\u00f3tulos El Cabo<\/title>\n<meta name=\"robots\" content=\"noindex, nofollow\" \/>\n<meta property=\"og:locale\" content=\"es_ES\" \/>\n<meta property=\"og:type\" content=\"article\" \/>\n<meta property=\"og:title\" content=\"Presupuesto - R\u00f3tulos El Cabo\" \/>\n<meta property=\"og:description\" content=\"[vc_row css_animation=\u00bb\u00bb row_type=\u00bbrow\u00bb use_row_as_full_screen_section=\u00bbno\u00bb type=\u00bbgrid\u00bb angled_section=\u00bbno\u00bb text_align=\u00bbleft\u00bb background_image_as_pattern=\u00bbwithout_pattern\u00bb z_index=\u00bb\u00bb][vc_column width=\u00bb2\/3&#8243;][vc_column_text] Solicitud de Presupuesto \/ Cita [\/vc_column_text][vc_empty_space height=\u00bb50&#8243;][vc_column_text] \u00a0Indica a nuestro equipo lo que necesitas y te responderemos lo antes posible. [\/vc_column_text][vc_empty_space height=\u00bb50&#8243;][vc_column_text] Seg\u00fan lo previsto en la Ley 34\/2002 de Servicios de la Sociedad de...\" \/>\n<meta property=\"og:url\" content=\"https:\/\/www.rotuloselcabo.com\/rotulos\/presupuesto\/\" \/>\n<meta property=\"og:site_name\" content=\"R\u00f3tulos El Cabo\" \/>\n<meta property=\"article:modified_time\" content=\"2021-05-28T11:06:28+00:00\" \/>\n<meta name=\"twitter:card\" content=\"summary_large_image\" \/>\n<meta name=\"twitter:label1\" content=\"Tiempo de lectura\" \/>\n\t<meta name=\"twitter:data1\" content=\"1 minuto\" \/>\n<script type=\"application\/ld+json\" class=\"yoast-schema-graph\">{\"@context\":\"https:\/\/schema.org\",\"@graph\":[{\"@type\":\"Organization\",\"@id\":\"https:\/\/www.rotuloselcabo.com\/rotulos\/#organization\",\"name\":\"R\\u00f3tulos El Cabo\",\"url\":\"https:\/\/www.rotuloselcabo.com\/rotulos\/\",\"sameAs\":[\"https:\/\/www.instagram.com\/rotuloselcabo\/\"],\"logo\":{\"@type\":\"ImageObject\",\"@id\":\"https:\/\/www.rotuloselcabo.com\/rotulos\/#logo\",\"inLanguage\":\"es\",\"url\":\"http:\/\/www.rotuloselcabo.com\/rotulos\/wp-content\/uploads\/2021\/05\/Rotulos-el-cabo-1.png\",\"contentUrl\":\"http:\/\/www.rotuloselcabo.com\/rotulos\/wp-content\/uploads\/2021\/05\/Rotulos-el-cabo-1.png\",\"width\":424,\"height\":602,\"caption\":\"R\\u00f3tulos El Cabo\"},\"image\":{\"@id\":\"https:\/\/www.rotuloselcabo.com\/rotulos\/#logo\"}},{\"@type\":\"WebSite\",\"@id\":\"https:\/\/www.rotuloselcabo.com\/rotulos\/#website\",\"url\":\"https:\/\/www.rotuloselcabo.com\/rotulos\/\",\"name\":\"R\\u00f3tulos El Cabo\",\"description\":\"Rotulaci\\u00f3n y Comunicaci\\u00f3n Visual\",\"publisher\":{\"@id\":\"https:\/\/www.rotuloselcabo.com\/rotulos\/#organization\"},\"potentialAction\":[{\"@type\":\"SearchAction\",\"target\":{\"@type\":\"EntryPoint\",\"urlTemplate\":\"https:\/\/www.rotuloselcabo.com\/rotulos\/?s={search_term_string}\"},\"query-input\":\"required name=search_term_string\"}],\"inLanguage\":\"es\"},{\"@type\":\"WebPage\",\"@id\":\"https:\/\/www.rotuloselcabo.com\/rotulos\/presupuesto\/#webpage\",\"url\":\"https:\/\/www.rotuloselcabo.com\/rotulos\/presupuesto\/\",\"name\":\"Presupuesto - R\\u00f3tulos El Cabo\",\"isPartOf\":{\"@id\":\"https:\/\/www.rotuloselcabo.com\/rotulos\/#website\"},\"datePublished\":\"2019-02-01T20:24:29+00:00\",\"dateModified\":\"2021-05-28T11:06:28+00:00\",\"breadcrumb\":{\"@id\":\"https:\/\/www.rotuloselcabo.com\/rotulos\/presupuesto\/#breadcrumb\"},\"inLanguage\":\"es\",\"potentialAction\":[{\"@type\":\"ReadAction\",\"target\":[\"https:\/\/www.rotuloselcabo.com\/rotulos\/presupuesto\/\"]}]},{\"@type\":\"BreadcrumbList\",\"@id\":\"https:\/\/www.rotuloselcabo.com\/rotulos\/presupuesto\/#breadcrumb\",\"itemListElement\":[{\"@type\":\"ListItem\",\"position\":1,\"name\":\"Portada\",\"item\":\"https:\/\/www.rotuloselcabo.com\/rotulos\/\"},{\"@type\":\"ListItem\",\"position\":2,\"name\":\"Presupuesto\"}]}]}<\/script>\n<!-- \/ Yoast SEO plugin. -->","_links":{"self":[{"href":"https:\/\/www.rotuloselcabo.com\/rotulos\/wp-json\/wp\/v2\/pages\/54"}],"collection":[{"href":"https:\/\/www.rotuloselcabo.com\/rotulos\/wp-json\/wp\/v2\/pages"}],"about":[{"href":"https:\/\/www.rotuloselcabo.com\/rotulos\/wp-json\/wp\/v2\/types\/page"}],"author":[{"embeddable":true,"href":"https:\/\/www.rotuloselcabo.com\/rotulos\/wp-json\/wp\/v2\/users\/1"}],"replies":[{"embeddable":true,"href":"https:\/\/www.rotuloselcabo.com\/rotulos\/wp-json\/wp\/v2\/comments?post=54"}],"version-history":[{"count":5,"href":"https:\/\/www.rotuloselcabo.com\/rotulos\/wp-json\/wp\/v2\/pages\/54\/revisions"}],"predecessor-version":[{"id":296,"href":"https:\/\/www.rotuloselcabo.com\/rotulos\/wp-json\/wp\/v2\/pages\/54\/revisions\/296"}],"wp:attachment":[{"href":"https:\/\/www.rotuloselcabo.com\/rotulos\/wp-json\/wp\/v2\/media?parent=54"}],"curies":[{"name":"wp","href":"https:\/\/api.w.org\/{rel}","templated":true}]}}